



{"id":1388,"date":"2019-11-30T11:38:31","date_gmt":"2019-11-30T11:38:31","guid":{"rendered":"https:\/\/www.maytaxi1.ch\/accordion\/"},"modified":"2020-01-13T15:35:08","modified_gmt":"2020-01-13T15:35:08","slug":"questions","status":"publish","type":"page","link":"https:\/\/www.maytaxi1.ch\/fr\/questions\/","title":{"rendered":"Questions"},"content":{"rendered":"<p>[vc_row top_padding=&#8221;30&#8243; bottom_padding=&#8221;30&#8243;][vc_column width=&#8221;1\/6&#8243;][\/vc_column][vc_column width=&#8221;2\/3&#8243;][vc_tta_accordion][vc_tta_section title=&#8221;Transport avec des enfants ?&#8221; tab_id=&#8221;1575113149751-d1188e94-6359&#8243;][vc_column_text]<\/p>\n<p class=\"p1\">Nous vous sugg\u00e9rons de pr\u00e9ciser le nombre d\u2019enfant ou de b\u00e9b\u00e9 lors de votre r\u00e9servation. Les si\u00e8ges b\u00e9b\u00e9 sont adapt\u00e9s aux tout-petits jusqu\u2019\u00e0 3 ans et les r\u00e9hausseurs sont homologu\u00e9s &#8220;Groupe 2-3&#8221;, correspondant aux enfants dont le poids est compris entre 15 et 36 kgs. Ces r\u00e9hausseurs ne peuvent s&#8217;utiliser qu&#8217;aux places \u00e0 l&#8217;arri\u00e8re.<\/p>\n<p>[\/vc_column_text][\/vc_tta_section][vc_tta_section title=&#8221;Le chauffeur accepte-il les animaux ?&#8221; tab_id=&#8221;1466913689585-224590c2-9084&#8243;][vc_column_text]<\/p>\n<p class=\"p1\">La r\u00e9glementation autorise un chauffeur de taxi \u00e0 refuser les animaux, sauf s&#8217;il s&#8217;agit de chien guide d&#8217;aveugle.<\/p>\n<p>[\/vc_column_text][\/vc_tta_section][vc_tta_section title=&#8221;Que faire si un conducteur ne se pr\u00e9sente pas au point de prise en charge ?&#8221; tab_id=&#8221;1466913689447-861f8943-eda1&#8243;][vc_column_text]<\/p>\n<p class=\"p1\">Malgr\u00e9 tous nos efforts il peut arriver que le chauffeur arrive avec quelques minutes de retard (en g\u00e9n\u00e9ral, pour des raisons de circulation routi\u00e8re ind\u00e9pendante de notre volont\u00e9). Dans ce cas, vous pouvez prendre contact avec May taxi Limousine SA T\u00e9l : 027 7717771 pour savoir o\u00f9 se trouve votre chauffeur (les v\u00e9hicules sont g\u00e9olocalis\u00e9s)<\/p>\n<p>[\/vc_column_text][\/vc_tta_section][vc_tta_section title=&#8221;Quels sont les diff\u00e9rents modes de paiement accept\u00e9s ?&#8221; tab_id=&#8221;1466934951559-e97120e4-833d&#8221;][vc_column_text]<\/p>\n<p class=\"p1\"><span class=\"Apple-converted-space\">Les diff\u00e9rents paiements accept\u00e9s par May Taxi Limousine SA sont : cash, cartes de cr\u00e9dit (Visa, Mastercard &amp; American Express), cartes de d\u00e9bit, sur facture (accord\u00e9 sur demande pr\u00e9alable par M.T.L) ou, enfin, par transfert bancaire depuis n&#8217;importe quelle institution bancaire (accord\u00e9 sur demande pr\u00e9alable par M.T.L).<\/span><\/p>\n<p>[\/vc_column_text][\/vc_tta_section][vc_tta_section title=&#8221;Puis-je obtenir un justificatif \u00e0 la fin de ma course en taxi ?&#8221; tab_id=&#8221;1466934987234-64f4104b-b619&#8243;][vc_column_text]<\/p>\n<p class=\"p1\">A la fin de votre trajet, n\u2019h\u00e9sitez pas \u00e0 demander une quittance de paiement \u00e0 votre chauffeur. Donnez-nous votre adresse e-mail, nous vous la transmettrons.<\/p>\n<p>[\/vc_column_text][\/vc_tta_section][vc_tta_section title=&#8221;J\u2019ai oubli\u00e9 quelque chose lors de ma course en taxi, comment puis-je le r\u00e9cup\u00e9rer ?&#8221; tab_id=&#8221;1575113364850-786defd1-fc0a&#8221;][vc_column_text]<\/p>\n<p class=\"p1\">Simplement par t\u00e9l\u00e9phone ou via email ; nous ferons tout notre possible pour retrouver ce que vous avez \u00e9gar\u00e9.<\/p>\n<p>[\/vc_column_text][\/vc_tta_section][\/vc_tta_accordion][\/vc_column][vc_column width=&#8221;1\/6&#8243;][\/vc_column][\/vc_row]<\/p>\n","protected":false},"excerpt":{"rendered":"<p>[vc_row top_padding=&#8221;30&#8243; bottom_padding=&#8221;30&#8243;][vc_column width=&#8221;1\/6&#8243;][\/vc_column][vc_column width=&#8221;2\/3&#8243;][vc_tta_accordion][vc_tta_section title=&#8221;Transport avec des enfants ?&#8221; tab_id=&#8221;1575113149751-d1188e94-6359&#8243;][vc_column_text] Nous vous sugg\u00e9rons de pr\u00e9ciser le nombre d\u2019enfant ou de b\u00e9b\u00e9 lors de votre r\u00e9servation. Les si\u00e8ges b\u00e9b\u00e9 sont adapt\u00e9s aux tout-petits jusqu\u2019\u00e0 3 ans et les r\u00e9hausseurs sont homologu\u00e9s &#8220;Groupe 2-3&#8221;, correspondant aux enfants dont le poids est compris entre 15 et 36<\/p>\n","protected":false},"author":1,"featured_media":0,"parent":0,"menu_order":0,"comment_status":"closed","ping_status":"closed","template":"","meta":{"footnotes":""},"_links":{"self":[{"href":"https:\/\/www.maytaxi1.ch\/fr\/wp-json\/wp\/v2\/pages\/1388"}],"collection":[{"href":"https:\/\/www.maytaxi1.ch\/fr\/wp-json\/wp\/v2\/pages"}],"about":[{"href":"https:\/\/www.maytaxi1.ch\/fr\/wp-json\/wp\/v2\/types\/page"}],"author":[{"embeddable":true,"href":"https:\/\/www.maytaxi1.ch\/fr\/wp-json\/wp\/v2\/users\/1"}],"replies":[{"embeddable":true,"href":"https:\/\/www.maytaxi1.ch\/fr\/wp-json\/wp\/v2\/comments?post=1388"}],"version-history":[{"count":7,"href":"https:\/\/www.maytaxi1.ch\/fr\/wp-json\/wp\/v2\/pages\/1388\/revisions"}],"predecessor-version":[{"id":1642,"href":"https:\/\/www.maytaxi1.ch\/fr\/wp-json\/wp\/v2\/pages\/1388\/revisions\/1642"}],"wp:attachment":[{"href":"https:\/\/www.maytaxi1.ch\/fr\/wp-json\/wp\/v2\/media?parent=1388"}],"curies":[{"name":"wp","href":"https:\/\/api.w.org\/{rel}","templated":true}]}}