



{"id":1199,"date":"2019-11-25T10:55:17","date_gmt":"2019-11-25T10:55:17","guid":{"rendered":"https:\/\/www.maytaxi1.ch\/?page_id=1199"},"modified":"2020-01-24T06:29:19","modified_gmt":"2020-01-24T06:29:19","slug":"contact","status":"publish","type":"page","link":"https:\/\/www.maytaxi1.ch\/fr\/contact\/","title":{"rendered":"Contact"},"content":{"rendered":"<p>[vc_row][vc_column width=&#8221;1\/2&#8243;]<h4>Contactez-nous<\/h4><div class=\"title-block7\"><\/div>[vc_column_text]<\/p>\n<p class=\"p1\">Pour toutes questions, demandes ou organisation de transports personnalis\u00e9s, veuillez utiliser la section ci-dessous et nous vous r\u00e9pondrons dans les 24 heures.<\/p>\n<p>[\/vc_column_text]\n<div class=\"wpcf7 no-js\" id=\"wpcf7-f1223-o1\" lang=\"en-US\" dir=\"ltr\">\n<div class=\"screen-reader-response\"><p role=\"status\" aria-live=\"polite\" aria-atomic=\"true\"><\/p> <ul><\/ul><\/div>\n<form action=\"\/fr\/wp-json\/wp\/v2\/pages\/1199#wpcf7-f1223-o1\" method=\"post\" class=\"wpcf7-form init\" aria-label=\"Contact form\" novalidate=\"novalidate\" data-status=\"init\">\n<div style=\"display: none;\">\n<input type=\"hidden\" name=\"_wpcf7\" value=\"1223\" \/>\n<input type=\"hidden\" name=\"_wpcf7_version\" value=\"5.8.7\" \/>\n<input type=\"hidden\" name=\"_wpcf7_locale\" value=\"en_US\" \/>\n<input type=\"hidden\" name=\"_wpcf7_unit_tag\" value=\"wpcf7-f1223-o1\" \/>\n<input type=\"hidden\" name=\"_wpcf7_container_post\" value=\"0\" \/>\n<input type=\"hidden\" name=\"_wpcf7_posted_data_hash\" value=\"\" \/>\n<input type=\"hidden\" name=\"_wpcf7_recaptcha_response\" value=\"\" \/>\n<\/div>\n<p><label>Pr\u00e9nom et nom<span>*<\/span><\/label><span class=\"wpcf7-form-control-wrap\" data-name=\"your-name\"><input size=\"40\" class=\"wpcf7-form-control wpcf7-text wpcf7-validates-as-required\" aria-required=\"true\" aria-invalid=\"false\" value=\"\" type=\"text\" name=\"your-name\" \/><\/span><label>Email <span>*<\/span><\/label><span class=\"wpcf7-form-control-wrap\" data-name=\"your-email\"><input size=\"40\" class=\"wpcf7-form-control wpcf7-email wpcf7-validates-as-required wpcf7-text wpcf7-validates-as-email\" aria-required=\"true\" aria-invalid=\"false\" value=\"\" type=\"email\" name=\"your-email\" \/><\/span><label> Sujet<\/label><span class=\"wpcf7-form-control-wrap\" data-name=\"your-subject\"><input size=\"40\" class=\"wpcf7-form-control wpcf7-text\" aria-invalid=\"false\" value=\"\" type=\"text\" name=\"your-subject\" \/><\/span><label> Message <span>*<\/span><\/label><span class=\"wpcf7-form-control-wrap\" data-name=\"your-message\"><textarea cols=\"40\" rows=\"10\" class=\"wpcf7-form-control wpcf7-textarea contact-textarea1\" aria-invalid=\"false\" name=\"your-message\"><\/textarea><\/span>\n<\/p>\n<div class=\"rrcap\">\n\n<\/div>\n<p><input class=\"wpcf7-form-control wpcf7-submit has-spinner\" type=\"submit\" value=\"Envoyer\" \/>\n<\/p><div class=\"wpcf7-response-output\" aria-hidden=\"true\"><\/div>\n<\/form>\n<\/div>\n[\/vc_column][vc_column width=&#8221;1\/2&#8243;][vc_column_text]<\/p>\n<p class=\"p1\">Pour les transports de derni\u00e8re minute, le t\u00e9l\u00e9phone simplifie la vie :<\/p>\n<p>[\/vc_column_text][vc_raw_html]JTNDdWwlMjBjbGFzcyUzRCUyMmNvbnRhY3QtZGV0YWlscy1saXN0JTIyJTNFJTBBJTNDbGklMjBjbGFzcyUzRCUyMmNkdy1waG9uZSUyMGNsZWFyZml4JTIyJTNFJTNDYSUyMGhyZWYlM0QlMjJ0ZWwlM0ElMkI0MSUyMDI3JTIwNzcxJTIwNzclMjA3MSUyMiUzRSUyMCUyQjQxJTIwMjclMjA3NzElMjA3NyUyMDcxJTNDJTJGYSUzRSUyMC0lMjBHcmF0dWl0JTIwJTNDYSUyMGhyZWYlM0QlMjJ0ZWwlM0ElMkIwODAwJTIwNzcxJTIwNzcxJTIyJTNFJTIwJTJCMDgwMCUyMDc3MSUyMDc3MSUyMCUzQyUyRmElM0UlM0MlMkZsaSUzRSUwQSUzQ2xpJTIwY2xhc3MlM0QlMjJjZHctYWRkcmVzcyUyMGNsZWFyZml4JTIyJTNFUnVlJTIwZGUlMjBDciVDMyVBQXRhJTIwQyVDMyVCNCUyMDE0JTJDJTIwMTkzNiUyMFZlcmJpZXIlM0MlMkZsaSUzRSUwQSUzQ2xpJTIwY2xhc3MlM0QlMjJjZHctZW1haWwlMjBjbGVhcmZpeCUyMiUzRSUzQ2ElMjBocmVmJTNEJTIybWFpbHRvJTNBaW5mbyU0MG1heXRheGkuY2glMjIlMjB0YXJnZXQlM0QlMjJfYmxhbmslMjIlMjByZWwlM0QlMjJub29wZW5lciUyMG5vcmVmZXJyZXIlMjIlM0VpbmZvJTQwbWF5dGF4aS5jaCUzQyUyRmElM0UlM0MlMkZsaSUzRSUwQSUzQyUyRnVsJTNFJTBB[\/vc_raw_html]\t\n\t\t\n\t\t\n\t<!-- BEGIN #google-map -->\n\t<div id=\"google-map-1\" style=\"width: 100%;height: 385px;\"><\/div>\n\n\t<script type=\"text\/javascript\">\n\n\t\tfunction initialize() {\n\n\t\t\t\/\/ Set Location\n\t\t\tvar myLatlng = new google.maps.LatLng(46.097878,7.217293);\n\n\t\t\t\/\/ Set Style\n\t\t\tvar styles = [\n\t\t\t    {\n\t\t\t      stylers: [\n\t\t\t        { hue: \"#6190bf\" },\n\t\t\t        { saturation: -50 }\n\t\t\t      ]\n\t\t\t    },{\n\t\t\t      featureType: \"road\",\n\t\t\t      elementType: \"geometry\",\n\t\t\t      stylers: [\n\t\t\t        { lightness: 100 },\n\t\t\t        { visibility: \"simplified\" }\n\t\t\t      ]\n\t\t\t    },{\n\t\t\t      featureType: \"road\",\n\t\t\t      elementType: \"labels\",\n\t\t\t      stylers: [\n\t\t\t        { visibility: \"off\" }\n\t\t\t      ]\n\t\t\t    }\n\t\t\t  ];\n\n\t\t\t\/\/ Set Map Options\n\t\t\tvar mapOptions = {\n\t\t\t\tmapTypeControlOptions: {\n\t\t\t\t\tmapTypeIds: ['Styled']\n\t\t\t\t},\n\t\t\t\tcenter: myLatlng,\n\t\t\t\tzoom: 14,\n\t\t\t\tmapTypeId: 'Styled',\n\t\t\t\tscrollwheel: false,\n\t\t\t\tscaleControl: false,\n\t\t\t\tdisableDefaultUI: false\n\t\t\t};\n\n\t\t\t\/\/ Build Map\n\t\t\tvar map = new google.maps.Map(document.getElementById('google-map-1'), mapOptions);\n\t\t\tvar styledMapType = new google.maps.StyledMapType(styles, { name: 'Styled' });\n\t\t\tmap.mapTypes.set('Styled', styledMapType);\n\n\t\t\t\/\/ Set Map Marker\n\t\t\tvar contentString = 'MayTaxi';\n\t\t\tvar infowindow = new google.maps.InfoWindow({\n\t\t\t\tcontent: contentString\n\t\t\t});\n\t\t\tvar marker = new google.maps.Marker({\n\t\t\t\tposition: myLatlng,\n\t\t\t\tmap: map,\n\t\t\t\ttitle: 'Map Marker 1',\n\t\t\t\ticon: {\n\t\t\t\t        path: fontawesome.markers.MAP_MARKER,\n\t\t\t\t        scale: 0.8,\n\t\t\t\t        strokeWeight: 0,\n\t\t\t\t        strokeColor: 'black',\n\t\t\t\t        strokeOpacity: 1,\n\t\t\t\t        fillColor: '#016bb0',\n\t\t\t\t        fillOpacity: 1,\n\t\t\t\t    },\n\t\t\t});\n\n\t\t\t\/\/ Display Map Marker\n\t\t\tgoogle.maps.event.addListener(marker, 'click', function() {\n\t\t\t\tinfowindow.open(map,marker);\n\t\t\t});\n\n\t\t}\n\n\t\t\/\/ Display Map\n\t\tgoogle.maps.event.addDomListener(window, 'load', initialize);\n\n\t<\/script>\n\t\n\t\n\t[vc_empty_space height=&#8221;20px&#8221;]<h4>Nos r\u00e9seaux sociaux<\/h4><div class=\"title-block7\"><\/div><ul class=\"social-links clearfix\"><li><a href=\"https:\/\/www.facebook.com\/MayTaxiLimousineSa\" target=\"_blank\"><i class=\"fa fa-facebook\"><\/i><\/a><\/li><li><a href=\"https:\/\/www.linkedin.com\/in\/jean-bernard-may-34814a61\/\" target=\"_blank\"><i class=\"fa fa-linkedin\"><\/i><\/a><\/li><li><a href=\"https:\/\/www.tripadvisor.com\/Attraction_Review-g198848-d15068964-Reviews-May_Taxi_Limousine_SA_Taxi_Service-Verbier_Canton_of_Valais_Swiss_Alps.html\" target=\"_blank\"><i class=\"fa fa-tripadvisor\"><\/i><\/a><\/li><li><a href=\"https:\/\/www.youtube.com\/user\/MayTaxi\" target=\"_blank\"><i class=\"fa fa-youtube-play\"><\/i><\/a><\/li><\/ul>[\/vc_column][\/vc_row][vc_row][vc_column][vc_empty_space height=&#8221;20px&#8221;][\/vc_column][\/vc_row]<\/p>\n","protected":false},"excerpt":{"rendered":"<p>[vc_row][vc_column width=&#8221;1\/2&#8243;][vc_column_text] Pour toutes questions, demandes ou organisation de transports personnalis\u00e9s, veuillez utiliser la section ci-dessous et nous vous r\u00e9pondrons dans les 24 heures. [\/vc_column_text][\/vc_column][vc_column width=&#8221;1\/2&#8243;][vc_column_text] Pour les transports de derni\u00e8re minute, le t\u00e9l\u00e9phone simplifie la vie : [\/vc_column_text][vc_raw_html]JTNDdWwlMjBjbGFzcyUzRCUyMmNvbnRhY3QtZGV0YWlscy1saXN0JTIyJTNFJTBBJTNDbGklMjBjbGFzcyUzRCUyMmNkdy1waG9uZSUyMGNsZWFyZml4JTIyJTNFJTNDYSUyMGhyZWYlM0QlMjJ0ZWwlM0ElMkI0MSUyMDI3JTIwNzcxJTIwNzclMjA3MSUyMiUzRSUyMCUyQjQxJTIwMjclMjA3NzElMjA3NyUyMDcxJTNDJTJGYSUzRSUyMC0lMjBHcmF0dWl0JTIwJTNDYSUyMGhyZWYlM0QlMjJ0ZWwlM0ElMkIwODAwJTIwNzcxJTIwNzcxJTIyJTNFJTIwJTJCMDgwMCUyMDc3MSUyMDc3MSUyMCUzQyUyRmElM0UlM0MlMkZsaSUzRSUwQSUzQ2xpJTIwY2xhc3MlM0QlMjJjZHctYWRkcmVzcyUyMGNsZWFyZml4JTIyJTNFUnVlJTIwZGUlMjBDciVDMyVBQXRhJTIwQyVDMyVCNCUyMDE0JTJDJTIwMTkzNiUyMFZlcmJpZXIlM0MlMkZsaSUzRSUwQSUzQ2xpJTIwY2xhc3MlM0QlMjJjZHctZW1haWwlMjBjbGVhcmZpeCUyMiUzRSUzQ2ElMjBocmVmJTNEJTIybWFpbHRvJTNBaW5mbyU0MG1heXRheGkuY2glMjIlMjB0YXJnZXQlM0QlMjJfYmxhbmslMjIlMjByZWwlM0QlMjJub29wZW5lciUyMG5vcmVmZXJyZXIlMjIlM0VpbmZvJTQwbWF5dGF4aS5jaCUzQyUyRmElM0UlM0MlMkZsaSUzRSUwQSUzQyUyRnVsJTNFJTBB[\/vc_raw_html][vc_empty_space height=&#8221;20px&#8221;][\/vc_column][\/vc_row][vc_row][vc_column][vc_empty_space height=&#8221;20px&#8221;][\/vc_column][\/vc_row]<\/p>\n","protected":false},"author":1,"featured_media":0,"parent":0,"menu_order":0,"comment_status":"closed","ping_status":"closed","template":"","meta":{"footnotes":""},"_links":{"self":[{"href":"https:\/\/www.maytaxi1.ch\/fr\/wp-json\/wp\/v2\/pages\/1199"}],"collection":[{"href":"https:\/\/www.maytaxi1.ch\/fr\/wp-json\/wp\/v2\/pages"}],"about":[{"href":"https:\/\/www.maytaxi1.ch\/fr\/wp-json\/wp\/v2\/types\/page"}],"author":[{"embeddable":true,"href":"https:\/\/www.maytaxi1.ch\/fr\/wp-json\/wp\/v2\/users\/1"}],"replies":[{"embeddable":true,"href":"https:\/\/www.maytaxi1.ch\/fr\/wp-json\/wp\/v2\/comments?post=1199"}],"version-history":[{"count":19,"href":"https:\/\/www.maytaxi1.ch\/fr\/wp-json\/wp\/v2\/pages\/1199\/revisions"}],"predecessor-version":[{"id":1673,"href":"https:\/\/www.maytaxi1.ch\/fr\/wp-json\/wp\/v2\/pages\/1199\/revisions\/1673"}],"wp:attachment":[{"href":"https:\/\/www.maytaxi1.ch\/fr\/wp-json\/wp\/v2\/media?parent=1199"}],"curies":[{"name":"wp","href":"https:\/\/api.w.org\/{rel}","templated":true}]}}