



{"id":1193,"date":"2019-11-25T10:33:28","date_gmt":"2019-11-25T10:33:28","guid":{"rendered":"https:\/\/www.maytaxi1.ch\/environ\/"},"modified":"2020-01-09T18:23:37","modified_gmt":"2020-01-09T18:23:37","slug":"environ","status":"publish","type":"page","link":"https:\/\/www.maytaxi1.ch\/fr\/environ\/","title":{"rendered":"A Propos"},"content":{"rendered":"<p>[vc_row][vc_column width=&#8221;1\/2&#8243;]<h4>Notre compagnie<\/h4><div class=\"title-block7\"><\/div>[vc_column_text]<\/p>\n<p class=\"p1\">Fond\u00e9e en 1962 en tant qu&#8217;entreprise familiale, May Taxi Limousine SA est devenue un leader du secteur des transports en commun \u00e0 Verbier et dans la Vall\u00e9e de Bagnes. De plus, depuis janvier 2014, ses clients peuvent b\u00e9n\u00e9ficier de l&#8217;expertise compl\u00e9mentaire du nouvel actionnaire, TMR SA. Ensemble, ces deux soci\u00e9t\u00e9s offrent un service personnalis\u00e9 de qualit\u00e9, gr\u00e2ce \u00e0 un personnel qualifi\u00e9 et \u00e0 des v\u00e9hicules fiables.<\/p>\n<p>[\/vc_column_text][\/vc_column][vc_column width=&#8221;1\/2&#8243;][vc_column_text]<\/p>\n\n\t\t<div id='gallery-1' class='gallery galleryid-1193 gallery-columns-2 gallery-size-thumbnail'><div class='gallery-item'><div class='gallery-icon'><a href=\"https:\/\/www.maytaxi1.ch\/my_content\/uploads\/2019\/11\/Snowboard_Freeride_Verbier-26.jpeg\" data-gal=\"prettyPhoto[gallery-1]\" title=\"\"><img decoding=\"async\" src=\"https:\/\/www.maytaxi1.ch\/my_content\/uploads\/2019\/11\/Snowboard_Freeride_Verbier-26.jpeg\" alt=\"\" \/><\/a><\/div><\/div><div class='gallery-item'><div class='gallery-icon'><a href=\"https:\/\/www.maytaxi1.ch\/my_content\/uploads\/2019\/11\/RaclettecVERBIER_PROMOTION.jpeg\" data-gal=\"prettyPhoto[gallery-1]\" title=\"\"><img decoding=\"async\" src=\"https:\/\/www.maytaxi1.ch\/my_content\/uploads\/2019\/11\/RaclettecVERBIER_PROMOTION.jpeg\" alt=\"\" \/><\/a><\/div><\/div><div class='gallery-item'><div class='gallery-icon'><a href=\"https:\/\/www.maytaxi1.ch\/my_content\/uploads\/2019\/11\/verbierBP-48.jpeg\" data-gal=\"prettyPhoto[gallery-1]\" title=\"\"><img decoding=\"async\" src=\"https:\/\/www.maytaxi1.ch\/my_content\/uploads\/2019\/11\/verbierBP-48.jpeg\" alt=\"\" \/><\/a><\/div><\/div><div class='gallery-item'><div class='gallery-icon'><a href=\"https:\/\/www.maytaxi1.ch\/my_content\/uploads\/2019\/11\/PANO0001-2.jpeg\" data-gal=\"prettyPhoto[gallery-1]\" title=\"\"><img decoding=\"async\" src=\"https:\/\/www.maytaxi1.ch\/my_content\/uploads\/2019\/11\/PANO0001-2.jpeg\" alt=\"\" \/><\/a><\/div><\/div>\n\t\t\t<br style='clear: both;' \/>\n\t\t<\/div>\n\n<p>[\/vc_column_text][\/vc_column][\/vc_row][vc_row][vc_column]<ul class=\"link-blocks clearfix\"><li><h3><a href=\"https:\/\/www.maytaxi1.ch\/contact\/\" class=\"link-block-2\"><span class=\"link-text\">Besoin d'une offre personnalis\u00e9e? Contactez nous ici<\/span><span class=\"link-arrow fa fa-angle-right\"><\/span><\/a><\/h3><\/li><li><h3><a href=\"https:\/\/www.maytaxi1.ch\/booking\/\" class=\"link-block-2\"><span class=\"link-text\">R\u00e9servez maintenant votre prochain transfert<\/span><span class=\"link-arrow fa fa-angle-right\"><\/span><\/a><\/h3><\/li><\/ul>[\/vc_column][\/vc_row][vc_row][vc_column width=&#8221;1\/2&#8243;]<h4>Vid\u00e9o comm\u00e9morative de nos 50 ans<\/h4><div class=\"title-block7\"><\/div><div class=\"video-wrapper video-wrapper-page\" style=\"background: url(https:\/\/www.maytaxi.ch\/my_content\/uploads\/2019\/05\/May-Taxi-Retrospectif-16-16-02longue-TV.m4v-5-25-screenshot.png);\">\n\t<div class=\"video-play\">\n\t<a href=\"https:\/\/www.youtube.com\/watch?v=3qLNuawyrA0&amp;amp;t=99s\" data-gal=\"prettyPhoto\"><i class=\"fa fa-play\"><\/i><\/a>\n\t<\/div>\n\t<\/div>[\/vc_column][vc_column width=&#8221;1\/2&#8243;]<h4>Service limousine<\/h4><div class=\"title-block7\"><\/div>[vc_column_text]<\/p>\n<p class=\"p1\">Nos nouvelles limousines Mercedes-Benz confortables et fiable sont \u00e0 votre disposition pour un mode de transport exclusif.<\/p>\n<p>[\/vc_column_text]<h4>Autres services<\/h4><div class=\"title-block7\"><\/div>[vc_column_text]<\/p>\n<p class=\"p1\">Notre soci\u00e9t\u00e9 peut planifier et organiser tous vos transferts domestiques, ainsi que vos pick-up et d\u00e9poses dans les a\u00e9roports, les gares et les principales villes d&#8217;Europe. Notre flotte de taxis est \u00e9quip\u00e9e de v\u00e9hicules pouvant transporter jusqu&#8217;\u00e0 53 passagers.<\/p>\n<p>[\/vc_column_text][\/vc_column][\/vc_row][vc_row][vc_column][vc_empty_space][\/vc_column][\/vc_row]<\/p>\n","protected":false},"excerpt":{"rendered":"<p>[vc_row][vc_column width=&#8221;1\/2&#8243;][vc_column_text] Fond\u00e9e en 1962 en tant qu&#8217;entreprise familiale, May Taxi Limousine SA est devenue un leader du secteur des transports en commun \u00e0 Verbier et dans la Vall\u00e9e de Bagnes. De plus, depuis janvier 2014, ses clients peuvent b\u00e9n\u00e9ficier de l&#8217;expertise compl\u00e9mentaire du nouvel actionnaire, TMR SA. Ensemble, ces deux soci\u00e9t\u00e9s offrent un service<\/p>\n","protected":false},"author":1,"featured_media":0,"parent":0,"menu_order":0,"comment_status":"closed","ping_status":"closed","template":"","meta":{"footnotes":""},"_links":{"self":[{"href":"https:\/\/www.maytaxi1.ch\/fr\/wp-json\/wp\/v2\/pages\/1193"}],"collection":[{"href":"https:\/\/www.maytaxi1.ch\/fr\/wp-json\/wp\/v2\/pages"}],"about":[{"href":"https:\/\/www.maytaxi1.ch\/fr\/wp-json\/wp\/v2\/types\/page"}],"author":[{"embeddable":true,"href":"https:\/\/www.maytaxi1.ch\/fr\/wp-json\/wp\/v2\/users\/1"}],"replies":[{"embeddable":true,"href":"https:\/\/www.maytaxi1.ch\/fr\/wp-json\/wp\/v2\/comments?post=1193"}],"version-history":[{"count":10,"href":"https:\/\/www.maytaxi1.ch\/fr\/wp-json\/wp\/v2\/pages\/1193\/revisions"}],"predecessor-version":[{"id":1591,"href":"https:\/\/www.maytaxi1.ch\/fr\/wp-json\/wp\/v2\/pages\/1193\/revisions\/1591"}],"wp:attachment":[{"href":"https:\/\/www.maytaxi1.ch\/fr\/wp-json\/wp\/v2\/media?parent=1193"}],"curies":[{"name":"wp","href":"https:\/\/api.w.org\/{rel}","templated":true}]}}