



{"id":1177,"date":"2019-11-25T09:45:49","date_gmt":"2019-11-25T09:45:49","guid":{"rendered":"https:\/\/www.maytaxi1.ch\/page-dechantillon\/"},"modified":"2020-01-09T18:21:00","modified_gmt":"2020-01-09T18:21:00","slug":"page-dechantillon","status":"publish","type":"page","link":"https:\/\/www.maytaxi1.ch\/fr\/page-dechantillon\/","title":{"rendered":"Voiture de location"},"content":{"rendered":"<h4 style=\"text-align: center;\">Souhaitez-vous louer une voiture ?<\/h4>\n<p style=\"text-align: center;\">May Taxi Limousine SA est la seule agence de location de v\u00e9hicule \u00e0 Verbier et dans le Val de Bagnes.<\/p>\n<p style=\"text-align: center;\">Notre partenaire propose des v\u00e9hicules tels que Prestige, Familial, Eco, SUV, utilitaire.<br \/>\nLes tarifs et r\u00e9servations de location de voiture se trouvent directement sur le site web de notre partenaire Europcar ci-dessous :<\/p>\n<p><a href=\"https:\/\/www.europcar.ch\/fr-ch\/agences\/suisse\/verbier\"><img loading=\"lazy\" decoding=\"async\" width=\"300\" height=\"200\" class=\"alignnone size-medium wp-image-1174\" src=\"https:\/\/www.maytaxi1.ch\/my_content\/uploads\/2019\/11\/5a2ae802db68181c8f184d66-300x200.png\" alt=\"\" srcset=\"https:\/\/www.maytaxi1.ch\/my_content\/uploads\/2019\/11\/5a2ae802db68181c8f184d66-300x200.png 300w, https:\/\/www.maytaxi.ch\/my_content\/uploads\/2019\/11\/5a2ae802db68181c8f184d66-768x512.png 768w, https:\/\/www.maytaxi.ch\/my_content\/uploads\/2019\/11\/5a2ae802db68181c8f184d66-100x67.png 100w, https:\/\/www.maytaxi.ch\/my_content\/uploads\/2019\/11\/5a2ae802db68181c8f184d66.png 850w\" sizes=\"(max-width: 300px) 100vw, 300px\" \/><\/a><\/p>\n<p style=\"text-align: center;\">Partenaire direct de Europcar Suisse, nous nous ferons un plaisir de r\u00e9pondre \u00e0 vos attentes au guichet situ\u00e9 \u00e0 la Rue de Cr\u00eata-C\u00f4 14, 1936 Verbier selon les horaires suivants<\/p>\n<p style=\"text-align: center;\"><strong>Du lundi au dimanche<\/strong><br \/>\n08:30 &#8211; 12:00<br \/>\n14:00 &#8211; 18:00<\/p>\n<p style=\"text-align: center;\">*En basse saison (mai-juin et sept-oct) nous sommes ferm\u00e9s le dimanche<\/p>\n","protected":false},"excerpt":{"rendered":"<p>Souhaitez-vous louer une voiture ? May Taxi Limousine SA est la seule agence de location de v\u00e9hicule \u00e0 Verbier et dans le Val de Bagnes. Notre partenaire propose des v\u00e9hicules tels que Prestige, Familial, Eco, SUV, utilitaire. Les tarifs et r\u00e9servations de location de voiture se trouvent directement sur le site web de notre partenaire<\/p>\n","protected":false},"author":1,"featured_media":0,"parent":0,"menu_order":0,"comment_status":"closed","ping_status":"open","template":"","meta":{"footnotes":""},"_links":{"self":[{"href":"https:\/\/www.maytaxi1.ch\/fr\/wp-json\/wp\/v2\/pages\/1177"}],"collection":[{"href":"https:\/\/www.maytaxi1.ch\/fr\/wp-json\/wp\/v2\/pages"}],"about":[{"href":"https:\/\/www.maytaxi1.ch\/fr\/wp-json\/wp\/v2\/types\/page"}],"author":[{"embeddable":true,"href":"https:\/\/www.maytaxi1.ch\/fr\/wp-json\/wp\/v2\/users\/1"}],"replies":[{"embeddable":true,"href":"https:\/\/www.maytaxi1.ch\/fr\/wp-json\/wp\/v2\/comments?post=1177"}],"version-history":[{"count":9,"href":"https:\/\/www.maytaxi1.ch\/fr\/wp-json\/wp\/v2\/pages\/1177\/revisions"}],"predecessor-version":[{"id":1588,"href":"https:\/\/www.maytaxi1.ch\/fr\/wp-json\/wp\/v2\/pages\/1177\/revisions\/1588"}],"wp:attachment":[{"href":"https:\/\/www.maytaxi1.ch\/fr\/wp-json\/wp\/v2\/media?parent=1177"}],"curies":[{"name":"wp","href":"https:\/\/api.w.org\/{rel}","templated":true}]}}